{"id":21,"date":"2021-05-06T11:37:08","date_gmt":"2021-05-06T09:37:08","guid":{"rendered":"https:\/\/liquidmusic.bfma.at\/?page_id=21"},"modified":"2021-05-06T11:37:08","modified_gmt":"2021-05-06T09:37:08","slug":"vision","status":"publish","type":"page","link":"https:\/\/liquidmusic.bfma.at\/?page_id=21","title":{"rendered":"Vision"},"content":{"rendered":"\n<p>Das Entwickeln einer Plattform namens <strong>Liquify<\/strong>, die als radikale und kooperative Alternative zu Spotify und Co. gedacht ist. Dort k\u00f6nnen alle unabh\u00e4ngigen K\u00fcnstler*innen aller Sparten ihre Projekte pr\u00e4sentieren, die Verteilungsfrage im Verbund mit ihrer Fan- Community l\u00f6sen und auch dadurch die Bindung zu ihren Communities n\u00e4hren und st\u00e4rken. Die Plattform als solche wird die exakt gleichen Prinzipien anwenden wie in unserem Pilotprojekt; d.h. auch der potentielle Gewinn der Plattform selbst wird ihr durch die Community zugespielt werden und nicht nach gew\u00f6hnlicher kapitalistischer Logik Top to Down verordnet.&nbsp;<\/p>\n\n\n\n<p>Wenn es gel\u00e4nge mit dem Pilotprojekt <strong>Liquid Edge<\/strong> einen veritablen Erfolg zu landen, w\u00fcrde dies auch den Raum \u00f6ffnen f\u00fcr andere Projekte und Musikgruppen und die Plattform <strong>Liquify<\/strong> k\u00f6nnte eine echte Alternative zu Spotify werden. Eine Professionalisierung dieses Ansatzes als professionelle Online-Plattform w\u00fcrde uns vor eine sehr komplexe Herausforderung stellen, vor allem technischer Natur, aber auch rechtlicher. Aber vielleicht k\u00f6nnen wir gemeinsam eine Welle lostreten f\u00fcr eine gerechtere Welt, die jeden wertsch\u00e4tzt und in der alle gemeinsam wachsen und profitieren k\u00f6nnen!&nbsp;<\/p>\n","protected":false},"excerpt":{"rendered":"<p>Das Entwickeln einer Plattform namens Liquify, die als radikale und kooperative Alternative zu Spotify und Co. gedacht ist. Dort k\u00f6nnen alle unabh\u00e4ngigen K\u00fcnstler*innen aller Sparten ihre Projekte pr\u00e4sentieren, die Verteilungsfrage im Verbund mit ihrer Fan- Community l\u00f6sen und auch dadurch die Bindung zu ihren Communities n\u00e4hren und st\u00e4rken. Die Plattform als solche wird die exakt &hellip; <\/p>\n<p class=\"link-more\"><a href=\"https:\/\/liquidmusic.bfma.at\/?page_id=21\" class=\"more-link\"><span class=\"screen-reader-text\">\u201eVision\u201c<\/span> weiterlesen<\/a><\/p>\n","protected":false},"author":1,"featured_media":0,"parent":0,"menu_order":0,"comment_status":"closed","ping_status":"closed","template":"","meta":{"footnotes":""},"class_list":["post-21","page","type-page","status-publish","hentry"],"_links":{"self":[{"href":"https:\/\/liquidmusic.bfma.at\/index.php?rest_route=\/wp\/v2\/pages\/21","targetHints":{"allow":["GET"]}}],"collection":[{"href":"https:\/\/liquidmusic.bfma.at\/index.php?rest_route=\/wp\/v2\/pages"}],"about":[{"href":"https:\/\/liquidmusic.bfma.at\/index.php?rest_route=\/wp\/v2\/types\/page"}],"author":[{"embeddable":true,"href":"https:\/\/liquidmusic.bfma.at\/index.php?rest_route=\/wp\/v2\/users\/1"}],"replies":[{"embeddable":true,"href":"https:\/\/liquidmusic.bfma.at\/index.php?rest_route=%2Fwp%2Fv2%2Fcomments&post=21"}],"version-history":[{"count":1,"href":"https:\/\/liquidmusic.bfma.at\/index.php?rest_route=\/wp\/v2\/pages\/21\/revisions"}],"predecessor-version":[{"id":23,"href":"https:\/\/liquidmusic.bfma.at\/index.php?rest_route=\/wp\/v2\/pages\/21\/revisions\/23"}],"wp:attachment":[{"href":"https:\/\/liquidmusic.bfma.at\/index.php?rest_route=%2Fwp%2Fv2%2Fmedia&parent=21"}],"curies":[{"name":"wp","href":"https:\/\/api.w.org\/{rel}","templated":true}]}}