{"id":18,"date":"2021-05-06T11:36:33","date_gmt":"2021-05-06T09:36:33","guid":{"rendered":"https:\/\/liquidmusic.bfma.at\/?page_id=18"},"modified":"2021-05-06T12:01:34","modified_gmt":"2021-05-06T10:01:34","slug":"hintergrund","status":"publish","type":"page","link":"https:\/\/liquidmusic.bfma.at\/?page_id=18","title":{"rendered":"Hintergrund"},"content":{"rendered":"\n<p>Das Projekt ist ein Experiment, n\u00e4mlich im Modell-Versuch den Kapitalismus zu transzendieren. Der global entfesselte Kapitalismus ist ungebremst im Gange unseren ganzen Planeten zu zerst\u00f6ren. Wir m\u00fcssen radikal andere L\u00f6sungen finden und haben daf\u00fcr laut Klimaforschung ein Zeitfenster von ca. zehn Jahren, wollen wir die unvorstellbare Katastrophe noch abwenden. Was hei\u00dft Kapitalismus? Im Kern ganz einfach: Derjenige der das Geld hat, der an der Spitze einer Hierarchie steht, schafft an und streift den Profit ein. Dies beginnt bei einem kleinen Projekt wie diesem und hochskaliert zu riesigen multinationalen Konzernen entfaltet der Kapitalismus sein ganzes zerst\u00f6rerisches Potential in der unerbittlichen Ausbeutung von Ressourcen, Natur, Tier und Mensch.&nbsp;<\/p>\n\n\n\n<p>D.h. was l\u00e4uft anders in diesem Projekt? Derjenige der an der Spitze steht, in diesem Fall der Komponist und Initiator Leonhard Bartussek bestimmt nicht Top to Down die Verteilungsfrage, sondern er hat die exakt selbe Stimme wie jede andere Beteiligte, von der Musikerin, zum Tontechniker, der F\u00f6rderer bis hin zu denjenigen, die das Album im Endeffekt kaufen und als Zuh\u00f6rer genauso wichtiger Bestandteil eines gelungenen kollektiven Gesamterlebens sind. &nbsp;<\/p>\n\n\n\n<p>Motivation? Spotify \u00fcberwinden. Die Streaming- Dienste sind die gr\u00f6\u00dfte Ausbeutung kreativer Schaffenskraft von Millionen Musiker*innen auf der ganzen Welt in der Geschichte der Menschheit. Wir verweigern uns diesem System und wollen einen anderen Ansatz entwickeln, der ein attraktives Alternativmodell f\u00fcr Kreative sein k\u00f6nnte. Warum? Weil dabei alle profitieren k\u00f6nnen und eine st\u00e4rkere Community, eine st\u00e4rkere Verbindung und Identifikation zwischen den Musikschaffenden und den Zuh\u00f6rerinnen (die dann eben mehr als Konsumenten sind) entstehen kann.&nbsp;<\/p>\n\n\n\n<figure class=\"wp-block-embed is-type-video is-provider-vimeo wp-block-embed-vimeo wp-embed-aspect-21-9 wp-has-aspect-ratio\"><div class=\"wp-block-embed__wrapper\">\n<iframe loading=\"lazy\" title=\"Liquid Music - explained\" src=\"https:\/\/player.vimeo.com\/video\/451255314?dnt=1&amp;app_id=122963\" width=\"525\" height=\"223\" frameborder=\"0\" allow=\"autoplay; fullscreen; picture-in-picture; clipboard-write\"><\/iframe>\n<\/div><\/figure>\n","protected":false},"excerpt":{"rendered":"<p>Das Projekt ist ein Experiment, n\u00e4mlich im Modell-Versuch den Kapitalismus zu transzendieren. Der global entfesselte Kapitalismus ist ungebremst im Gange unseren ganzen Planeten zu zerst\u00f6ren. Wir m\u00fcssen radikal andere L\u00f6sungen finden und haben daf\u00fcr laut Klimaforschung ein Zeitfenster von ca. zehn Jahren, wollen wir die unvorstellbare Katastrophe noch abwenden. Was hei\u00dft Kapitalismus? Im Kern ganz &hellip; <\/p>\n<p class=\"link-more\"><a href=\"https:\/\/liquidmusic.bfma.at\/?page_id=18\" class=\"more-link\"><span class=\"screen-reader-text\">\u201eHintergrund\u201c<\/span> weiterlesen<\/a><\/p>\n","protected":false},"author":1,"featured_media":0,"parent":0,"menu_order":0,"comment_status":"closed","ping_status":"closed","template":"","meta":{"footnotes":""},"class_list":["post-18","page","type-page","status-publish","hentry"],"_links":{"self":[{"href":"https:\/\/liquidmusic.bfma.at\/index.php?rest_route=\/wp\/v2\/pages\/18","targetHints":{"allow":["GET"]}}],"collection":[{"href":"https:\/\/liquidmusic.bfma.at\/index.php?rest_route=\/wp\/v2\/pages"}],"about":[{"href":"https:\/\/liquidmusic.bfma.at\/index.php?rest_route=\/wp\/v2\/types\/page"}],"author":[{"embeddable":true,"href":"https:\/\/liquidmusic.bfma.at\/index.php?rest_route=\/wp\/v2\/users\/1"}],"replies":[{"embeddable":true,"href":"https:\/\/liquidmusic.bfma.at\/index.php?rest_route=%2Fwp%2Fv2%2Fcomments&post=18"}],"version-history":[{"count":2,"href":"https:\/\/liquidmusic.bfma.at\/index.php?rest_route=\/wp\/v2\/pages\/18\/revisions"}],"predecessor-version":[{"id":38,"href":"https:\/\/liquidmusic.bfma.at\/index.php?rest_route=\/wp\/v2\/pages\/18\/revisions\/38"}],"wp:attachment":[{"href":"https:\/\/liquidmusic.bfma.at\/index.php?rest_route=%2Fwp%2Fv2%2Fmedia&parent=18"}],"curies":[{"name":"wp","href":"https:\/\/api.w.org\/{rel}","templated":true}]}}